{"id":2577,"date":"2025-10-02T18:20:14","date_gmt":"2025-10-02T16:20:14","guid":{"rendered":"https:\/\/cinemascotte.fr\/?page_id=2577"},"modified":"2025-10-11T13:19:44","modified_gmt":"2025-10-11T11:19:44","slug":"education-a-limage","status":"publish","type":"page","link":"https:\/\/cinemascotte.fr\/?page_id=2577","title":{"rendered":"\u00ab\u00a0\u00c9ducation \u00e0 l&rsquo;image\u00a0\u00bb"},"content":{"rendered":"\n<p><strong>Cin\u00e9mascotte<\/strong> <strong>et<\/strong> l<strong>a Municipalit\u00e9 de Tournus m\u00e8nent depuis plusieurs ann\u00e9es, aupr\u00e8s des enfants et des jeunes, des projets p\u00e9dagogiques \u00ab \u00c9ducation \u00e0 l\u2019image \u00bb ax\u00e9s sur la cr\u00e9ation de petits films d&rsquo;animation.<\/strong><\/p>\n\n\n\n<p class=\"has-text-align-left has-text-color has-link-color wp-elements-2f06ff1a4eb5a5667fcaa8bfe76683fb\" style=\"color:#a2150d\">Projet 2025 : c\u00e9l\u00e9brons le tricentenaire de la naissance du peintre Tournusien <strong>Jean-Baptiste GREUZE.<\/strong><\/p>\n\n\n\n<p><strong>Do, le do il a bon dos<\/strong> : r\u00e9alis\u00e9 par une classe de CE2 \u00e9cole Raymond.Dorey : <a href=\"https:\/\/youtu.be\/3GCldsiOPt0\">https:\/\/youtu.be\/3GCldsiOPt0<\/a><\/p>\n\n\n\n<p><strong>La dame du palais du vent<\/strong> : r\u00e9alis\u00e9 par une deuxi\u00e8me classe de CE2 \u00e9cole R.Dorey : <a href=\"https:\/\/youtu.be\/aQB3g4YxTek\">https:\/\/youtu.be\/aQB3g4YxTek<\/a><\/p>\n\n\n\n<p>Quand Greuze n&rsquo;est pas l\u00e0&#8230; <strong>L&rsquo;accord\u00e9e de village<\/strong> &#8211; 4e1 coll\u00e8ge Tournus : <a href=\"https:\/\/youtu.be\/VmSM6bv5tS4\">https:\/\/youtu.be\/VmSM6bv5tS4<\/a><\/p>\n\n\n\n<p>Quand Greuze n&rsquo;est pas l\u00e0 \u2026 <strong>Les p\u00e8res<\/strong> :  Classe de 4\u00e8me3\/coll\u00e8ge \/ Tournus : <a href=\"https:\/\/youtu.be\/agQTJtKVlrc\">https:\/\/youtu.be\/agQTJtKVlrc<\/a><\/p>\n\n\n\n<p>Quand Greuze n&rsquo;est pas l\u00e0 \u2026   <strong>Les fils<\/strong> : classe de 4\u00e8me2  coll\u00e8ge  \/  Tournus  <a href=\"https:\/\/youtu.be\/D7lCOm5Lsy0\">https:\/\/youtu.be\/D7lCOm5Lsy0<\/a><\/p>\n\n\n\n<p>Quand Greuze n&rsquo;est pas l\u00e0 \u2026 La dame de charit\u00e9 : classe de 4\u00e8me4 coll\u00e8ge \/ Tournus  <a href=\"https:\/\/youtu.be\/sBmGRNKAbPs\">https:\/\/youtu.be\/sBmGRNKAbPs<\/a><\/p>\n\n\n\n<p><strong>Voyage dans l&rsquo;art de J B Greuze<\/strong>\/ Terminale lyc\u00e9e de l&rsquo;horticulture Tournus <a href=\"https:\/\/youtu.be\/F-Fru2Rq2VM\">https:\/\/youtu.be\/F-Fru2Rq2VM<\/a><\/p>\n\n\n\n<p><strong>Greuze <\/strong>\/ classe de 2nd-Lyc\u00e9e G.Voisin Tournus : <a href=\"https:\/\/youtu.be\/zqa1ajs9QOk\">https:\/\/youtu.be\/zqa1ajs9QOk<\/a><\/p>\n\n\n\n<p>Restitution des ateliers : <a href=\"https:\/\/vimeo.com\/lesfilmsdutilleul\/projetgreuzef?share=copy\">https:\/\/vimeo.com\/lesfilmsdutilleul\/projetgreuzef?share=copy<\/a><\/p>\n","protected":false},"excerpt":{"rendered":"<p>Cin\u00e9mascotte et la Municipalit\u00e9 de Tournus m\u00e8nent depuis plusieurs ann\u00e9es, aupr\u00e8s des enfants et des jeunes, des projets p\u00e9dagogiques \u00ab \u00c9ducation \u00e0 l\u2019image \u00bb ax\u00e9s sur la cr\u00e9ation de petits films d&rsquo;animation. Projet 2025 : c\u00e9l\u00e9brons le tricentenaire de la naissance du peintre Tournusien Jean-Baptiste GREUZE. Do, le do il a bon dos : r\u00e9alis\u00e9 &hellip; <a href=\"https:\/\/cinemascotte.fr\/?page_id=2577\" class=\"more-link\">Continuer la lecture<span class=\"screen-reader-text\"> de &laquo;&nbsp;\u00ab\u00a0\u00c9ducation \u00e0 l&rsquo;image\u00a0\u00bb&nbsp;&raquo;<\/span><\/a><\/p>\n","protected":false},"author":3,"featured_media":0,"parent":0,"menu_order":0,"comment_status":"closed","ping_status":"closed","template":"","meta":{"footnotes":""},"class_list":["post-2577","page","type-page","status-publish","hentry"],"_links":{"self":[{"href":"https:\/\/cinemascotte.fr\/index.php?rest_route=\/wp\/v2\/pages\/2577","targetHints":{"allow":["GET"]}}],"collection":[{"href":"https:\/\/cinemascotte.fr\/index.php?rest_route=\/wp\/v2\/pages"}],"about":[{"href":"https:\/\/cinemascotte.fr\/index.php?rest_route=\/wp\/v2\/types\/page"}],"author":[{"embeddable":true,"href":"https:\/\/cinemascotte.fr\/index.php?rest_route=\/wp\/v2\/users\/3"}],"replies":[{"embeddable":true,"href":"https:\/\/cinemascotte.fr\/index.php?rest_route=%2Fwp%2Fv2%2Fcomments&post=2577"}],"version-history":[{"count":12,"href":"https:\/\/cinemascotte.fr\/index.php?rest_route=\/wp\/v2\/pages\/2577\/revisions"}],"predecessor-version":[{"id":2602,"href":"https:\/\/cinemascotte.fr\/index.php?rest_route=\/wp\/v2\/pages\/2577\/revisions\/2602"}],"wp:attachment":[{"href":"https:\/\/cinemascotte.fr\/index.php?rest_route=%2Fwp%2Fv2%2Fmedia&parent=2577"}],"curies":[{"name":"wp","href":"https:\/\/api.w.org\/{rel}","templated":true}]}}