{"id":1811,"date":"2024-02-23T15:27:03","date_gmt":"2024-02-23T14:27:03","guid":{"rendered":"https:\/\/cinemascotte.fr\/?page_id=1811"},"modified":"2026-02-28T14:14:20","modified_gmt":"2026-02-28T13:14:20","slug":"partenariat","status":"publish","type":"page","link":"https:\/\/cinemascotte.fr\/?page_id=1811","title":{"rendered":"Partenariat"},"content":{"rendered":"\n<p class=\"has-text-align-center has-yellow-background-color has-background\" style=\"font-size:22px\">La f\u00eate du court m\u00e9trage avec Cin\u00e9mascotte et l&rsquo;Embarqu&rsquo; le mardi 31 mars 2026<\/p>\n\n\n<div class=\"wp-block-image\">\n<figure class=\"aligncenter size-large is-resized\"><img loading=\"lazy\" decoding=\"async\" width=\"724\" height=\"1024\" src=\"https:\/\/cinemascotte.fr\/wp-content\/uploads\/2026\/02\/affiche-V2-1-724x1024.jpg\" alt=\"\" class=\"wp-image-2899\" style=\"aspect-ratio:0.7070310404923966;width:281px;height:auto\" srcset=\"https:\/\/cinemascotte.fr\/wp-content\/uploads\/2026\/02\/affiche-V2-1-724x1024.jpg 724w, https:\/\/cinemascotte.fr\/wp-content\/uploads\/2026\/02\/affiche-V2-1-212x300.jpg 212w, https:\/\/cinemascotte.fr\/wp-content\/uploads\/2026\/02\/affiche-V2-1-768x1086.jpg 768w, https:\/\/cinemascotte.fr\/wp-content\/uploads\/2026\/02\/affiche-V2-1-1086x1536.jpg 1086w, https:\/\/cinemascotte.fr\/wp-content\/uploads\/2026\/02\/affiche-V2-1-1448x2048.jpg 1448w, https:\/\/cinemascotte.fr\/wp-content\/uploads\/2026\/02\/affiche-V2-1-1200x1697.jpg 1200w, https:\/\/cinemascotte.fr\/wp-content\/uploads\/2026\/02\/affiche-V2-1-82x116.jpg 82w, https:\/\/cinemascotte.fr\/wp-content\/uploads\/2026\/02\/affiche-V2-1.jpg 1754w\" sizes=\"auto, (max-width: 724px) 85vw, 724px\" \/><\/figure>\n<\/div>\n\n\n<p class=\"has-text-align-center has-dark-gray-color has-text-color has-background has-link-color has-medium-font-size wp-elements-b8414f77be02c5c5799cc65f4062f476\" style=\"background-color:#ec453c\"><strong>La Toguna, la ville de Tournus, le festival Diversit\u00e9 et Cin\u00e9mascotte<\/strong>\/<\/p>\n\n\n\n<figure class=\"wp-block-image size-full\"><img loading=\"lazy\" decoding=\"async\" width=\"696\" height=\"156\" src=\"https:\/\/cinemascotte.fr\/wp-content\/uploads\/2025\/03\/festival-Afrique-25-recadre.jpg\" alt=\"\" class=\"wp-image-2440\" srcset=\"https:\/\/cinemascotte.fr\/wp-content\/uploads\/2025\/03\/festival-Afrique-25-recadre.jpg 696w, https:\/\/cinemascotte.fr\/wp-content\/uploads\/2025\/03\/festival-Afrique-25-recadre-300x67.jpg 300w, https:\/\/cinemascotte.fr\/wp-content\/uploads\/2025\/03\/festival-Afrique-25-recadre-228x51.jpg 228w\" sizes=\"auto, (max-width: 696px) 85vw, 696px\" \/><\/figure>\n\n\n\n<p><a href=\"https:\/\/cinemascotte.fr\/wp-admin\/post.php?post=997&amp;action=edit\">\u00ab\u00a0<strong>Afrique au cin\u00e9\u00a0\u00bb mars avril 2023<\/strong><\/a><\/p>\n\n\n\n<p><a href=\"https:\/\/cinemascotte.fr\/?p=1788\">\u00ab\u00a0<strong>Afrique au cin\u00e9\u00a0\u00bb mars 2024<\/strong><\/a><\/p>\n\n\n\n<p><a href=\"https:\/\/cinemascotte.fr\/wp-admin\/post.php?post=2393&amp;action=edit\">\u00ab\u00a0<strong>Afrique au cin\u00e9\u00a0\u00bb mars<\/strong> 2025<\/a><\/p>\n\n\n\n<p><a href=\"https:\/\/cinemascotte.fr\/wp-admin\/post.php?post=2620&amp;action=edit\">\u00ab\u00a0<strong>Afrique au cin\u00e9\u00a0\u00bb<\/strong> novembre 2025<\/a><\/p>\n\n\n\n<p class=\"has-text-align-center has-yellow-background-color has-text-color has-background has-link-color has-medium-font-size wp-elements-d15310527b9abfdea84f7ac9d5198f4d\" style=\"color:#064169\"><strong>Cin\u00e9mascotte, la Palette<\/strong> et <strong>l&rsquo;Embarqu&rsquo;<\/strong> : mercredi 19 mars 2025 \u00e0 20h30,  en pr\u00e9sence du r\u00e9alisateur<\/p>\n\n\n\n<p class=\"has-text-align-center has-text-color has-link-color has-medium-font-size wp-elements-d67176d5f18705b796fcd293eeb7001d\" style=\"color:#b9150c\">\u00ab\u00a0Toucher terre\u00a0\u00bb, documentaire de <strong>J\u00e9r\u00e9mie Basset<\/strong><\/p>\n\n\n\n<p class=\"has-text-align-center has-light-blue-background-color has-text-color has-background has-link-color wp-elements-a74bb89b94410d3481214602a976d08e\" style=\"color:#064169;font-size:20px\"><strong>Tournugeois Vivant et la Palette, dimanche 24 novembre 2024 \u00e0 17h00<\/strong> :<\/p>\n\n\n\n<p class=\"has-text-align-center has-text-color has-link-color has-medium-font-size wp-elements-b18e01e8234b546b1dee3eea02da5099\" style=\"color:#b9150c\"><a href=\"https:\/\/cinemascotte.fr\/wp-admin\/post.php?post=2270&amp;action=edit\">La th\u00e9orie du boxeur<\/a>, documentaire de Nathana\u00ebl Coste<\/p>\n\n\n\n<p class=\"has-text-align-center has-yellow-background-color has-text-color has-background has-link-color wp-elements-716ae36210090a5651c9c58c1025d3e1\" style=\"color:#064169;font-size:20px\"><strong>L&rsquo;Embarqu&rsquo; et Cin\u00e9mascotte, \u00e0 la Palette, vendredi 6 septembre \u00e0 20h30 :<\/strong><\/p>\n\n\n\n<p class=\"has-text-align-center has-text-color has-link-color has-medium-font-size wp-elements-22ce47337cbef0a5500ba60c44172863\" style=\"color:#b9150c\"><a href=\"https:\/\/cinemascotte.fr\/wp-admin\/post.php?post=1969&amp;action=edit\">Les petites mains<\/a>, documentaire de J.M.Dury<\/p>\n\n\n\n<p class=\"has-text-align-center has-light-gray-background-color has-text-color has-background has-link-color wp-elements-71e123384bbb6a162636c33f858c5fef\" style=\"color:#064169;font-size:18px\"><strong>La ville de Tournus, le CCAS, Vivre au f\u00e9minin et Cin\u00e9mascotte<\/strong> <strong>pour<\/strong> <strong>la<\/strong><\/p>\n\n\n\n<p class=\"has-text-align-center has-light-gray-background-color has-text-color has-background has-link-color has-medium-font-size wp-elements-78cc382589b9e235b10b3bc9816af731\" style=\"color:#064169;font-size:18px\"><a href=\"https:\/\/cinemascotte.fr\/?p=1821\"><strong>Journ\u00e9e des droits des femmes : 8 mars<\/strong> <strong>2024<\/strong><\/a><\/p>\n","protected":false},"excerpt":{"rendered":"<p>La f\u00eate du court m\u00e9trage avec Cin\u00e9mascotte et l&rsquo;Embarqu&rsquo; le mardi 31 mars 2026 La Toguna, la ville de Tournus, le festival Diversit\u00e9 et Cin\u00e9mascotte\/ \u00ab\u00a0Afrique au cin\u00e9\u00a0\u00bb mars avril 2023 \u00ab\u00a0Afrique au cin\u00e9\u00a0\u00bb mars 2024 \u00ab\u00a0Afrique au cin\u00e9\u00a0\u00bb mars 2025 \u00ab\u00a0Afrique au cin\u00e9\u00a0\u00bb novembre 2025 Cin\u00e9mascotte, la Palette et l&rsquo;Embarqu&rsquo; : mercredi 19 mars &hellip; <a href=\"https:\/\/cinemascotte.fr\/?page_id=1811\" class=\"more-link\">Continuer la lecture<span class=\"screen-reader-text\"> de &laquo;&nbsp;Partenariat&nbsp;&raquo;<\/span><\/a><\/p>\n","protected":false},"author":3,"featured_media":0,"parent":0,"menu_order":0,"comment_status":"closed","ping_status":"closed","template":"","meta":{"footnotes":""},"class_list":["post-1811","page","type-page","status-publish","hentry"],"_links":{"self":[{"href":"https:\/\/cinemascotte.fr\/index.php?rest_route=\/wp\/v2\/pages\/1811","targetHints":{"allow":["GET"]}}],"collection":[{"href":"https:\/\/cinemascotte.fr\/index.php?rest_route=\/wp\/v2\/pages"}],"about":[{"href":"https:\/\/cinemascotte.fr\/index.php?rest_route=\/wp\/v2\/types\/page"}],"author":[{"embeddable":true,"href":"https:\/\/cinemascotte.fr\/index.php?rest_route=\/wp\/v2\/users\/3"}],"replies":[{"embeddable":true,"href":"https:\/\/cinemascotte.fr\/index.php?rest_route=%2Fwp%2Fv2%2Fcomments&post=1811"}],"version-history":[{"count":25,"href":"https:\/\/cinemascotte.fr\/index.php?rest_route=\/wp\/v2\/pages\/1811\/revisions"}],"predecessor-version":[{"id":2900,"href":"https:\/\/cinemascotte.fr\/index.php?rest_route=\/wp\/v2\/pages\/1811\/revisions\/2900"}],"wp:attachment":[{"href":"https:\/\/cinemascotte.fr\/index.php?rest_route=%2Fwp%2Fv2%2Fmedia&parent=1811"}],"curies":[{"name":"wp","href":"https:\/\/api.w.org\/{rel}","templated":true}]}}